{"id":6530,"date":"2022-11-30T10:52:51","date_gmt":"2022-11-30T10:52:51","guid":{"rendered":"http:\/\/amiable-test.ch\/?page_id=6530"},"modified":"2022-12-01T05:55:10","modified_gmt":"2022-12-01T05:55:10","slug":"calculator-maintenance","status":"publish","type":"page","link":"http:\/\/amiable-test.ch\/de\/calculator-maintenance\/","title":{"rendered":"Unterhaltsrechner verwenden"},"content":{"rendered":"<section id=\"bt_bb_section69f1f7d22e1d9\" class=\"bt_bb_section bt_bb_layout_boxed_1200\"  data-bt-override-class=\"null\"><div class=\"bt_bb_port\"><div class=\"bt_bb_cell\"><div class=\"bt_bb_cell_inner\"><div class=\"bt_bb_row_wrapper\"><div  class=\"bt_bb_row\"  data-bt-override-class=\"{}\"><div  class=\"bt_bb_column col-xl-12 bt_bb_align_left bt_bb_padding_normal\"  data-width=\"12\" data-bt-override-class=\"{}\"><div class=\"bt_bb_column_content bt_bb_vertical_align_top bt_bb_color_scheme_\"><div class=\"bt_bb_column_content_inner\"><div class=\"bt_bb_separator top-separator bt_bb_border_style_none bt_bb_top_spacing_extra_large top-separator\" data-bt-override-class=\"null\"><\/div><\/div><\/div><\/div><\/div><\/div><\/div><!-- cell_inner --><\/div><!-- cell --><\/div><!-- port --><\/section><section id=\"bt_bb_section69f1f7d22e563\" class=\"bt_bb_section bt_bb_layout_boxed_1200\"  data-bt-override-class=\"null\"><div class=\"bt_bb_port\"><div class=\"bt_bb_cell\"><div class=\"bt_bb_cell_inner\"><div class=\"bt_bb_row_wrapper\"><div  class=\"bt_bb_row\"  data-bt-override-class=\"{}\"><div  class=\"bt_bb_column col-xl-12 bt_bb_align_center bt_bb_padding_normal\"  data-width=\"12\" data-bt-override-class=\"{}\"><div class=\"bt_bb_column_content bt_bb_vertical_align_top bt_bb_color_scheme_\"><div class=\"bt_bb_column_content_inner\"><header class=\"bt_bb_headline bt_bb_dash_none bt_bb_size_inherit bt_bb_align_center\" data-bt-override-class=\"{&quot;bt_bb_align_&quot;:{&quot;current_class&quot;:&quot;bt_bb_align_center&quot;,&quot;xxl&quot;:&quot;center&quot;,&quot;xl&quot;:&quot;center&quot;}}\"><h1 style=\"font-size:32px\" class=\"bt_bb_headline_tag\"><span class=\"bt_bb_headline_content\"><span>Unterhaltsrechner<\/span><\/span><\/h1><\/header><\/div><\/div><\/div><\/div><\/div><\/div><!-- cell_inner --><\/div><!-- cell --><\/div><!-- port --><\/section><section id=\"bt_bb_section69f1f7d22e8df\" class=\"bt_bb_section bt_bb_layout_boxed_1200 bt_bb_vertical_align_top bt_bb_top_spacing_normal\"  data-bt-override-class=\"null\"><div class=\"bt_bb_port\"><div class=\"bt_bb_cell\"><div class=\"bt_bb_cell_inner\"><div class=\"bt_bb_row_wrapper\"><div  class=\"bt_bb_row\"  data-bt-override-class=\"{}\"><div  class=\"bt_bb_column col-xl-12 bt_bb_align_right bt_bb_padding_normal\"  data-width=\"12\" data-bt-override-class=\"{}\"><div class=\"bt_bb_column_content bt_bb_vertical_align_top bt_bb_color_scheme_\"><div class=\"bt_bb_column_content_inner\"><div class=\"bt_bb_button article_btn link-calc-button bt_bb_style_outline bt_bb_size_large bt_bb_width_inline bt_bb_shape_inherit bt_bb_align_inherit\" data-bt-override-class=\"{}\"><a href=\"\/de\/register\/\" target=\"_self\" class=\"bt_bb_link\" title=\"Unterhaltsrechner verwenden\"><span class=\"bt_bb_button_text\">Unterhaltsrechner verwenden<\/span><\/a><\/div><\/div><\/div><\/div><\/div><\/div><\/div><!-- cell_inner --><\/div><!-- cell --><\/div><!-- port --><\/section><section id=\"bt_bb_section69f1f7d22edf5\" class=\"bt_bb_section bt_bb_layout_boxed_1200 bt_bb_vertical_align_top bt_bb_top_spacing_normal bt_bb_bottom_spacing_medium\"  data-bt-override-class=\"null\"><div class=\"bt_bb_port\"><div class=\"bt_bb_cell\"><div class=\"bt_bb_cell_inner\"><div class=\"bt_bb_row_wrapper\"><div  class=\"bt_bb_row\"  data-bt-override-class=\"{}\"><div  class=\"bt_bb_column col-xl-4 bt_bb_align_left bt_bb_padding_0\"  data-width=\"4\" data-bt-override-class=\"{}\"><div class=\"bt_bb_column_content bt_bb_vertical_align_top bt_bb_color_scheme_\"><div class=\"bt_bb_column_content_inner\"><div  class=\"bt_bb_text\" ><p><span style=\"font-weight: 400;\">Willkommen zu unserem in der Schweiz einzigartigen Unterhaltsrechner f\u00fcr Scheidungen!<\/span><\/p>\n<p><span style=\"font-weight: 400;\">Unsere Experten und Juristen haben ihn auf der Grundlage der neuesten Rechtsprechung in diesem Bereich entwickelt.<\/span><\/p>\n<p><span style=\"font-weight: 400;\">Er erm\u00f6glicht Ihnen, Ihre monatlichen Budgets zu erstellen und die \u00dcbernahme der Unterhaltsbeitr\u00e4ge f\u00fcr die Kinder sowie allf\u00e4llige Alimente f\u00fcr den anderen Elternteil zu simulieren.<\/span><\/p>\n<p><span style=\"font-weight: 400;\">Bitte loggen Sie sich in Ihr Konto ein, um ihn zu nutzen.<\/span><\/p>\n<\/div><\/div><\/div><\/div><div  class=\"bt_bb_column col-xl-8 bt_bb_align_center bt_bb_padding_normal\"  data-width=\"8\" data-bt-override-class=\"{}\"><div class=\"bt_bb_column_content bt_bb_vertical_align_top bt_bb_color_scheme_\"><div class=\"bt_bb_column_content_inner\"><div class=\"bt_bb_separator bt_bb_border_style_none bt_bb_top_spacing_medium bt_bb_hidden_sm bt_bb_hidden_md bt_bb_hidden_lg\" data-bt-override-class=\"null\"><\/div><div class=\"bt_bb_image bt_bb_shape_square bt_bb_target_self bt_bb_align_center bt_bb_hover_style_simple bt_bb_content_display_always bt_bb_content_align_middle\" data-bt-override-class=\"{&quot;bt_bb_align_&quot;:{&quot;current_class&quot;:&quot;bt_bb_align_center&quot;,&quot;xxl&quot;:&quot;center&quot;,&quot;xl&quot;:&quot;center&quot;}}\"><span><img fetchpriority=\"high\" decoding=\"async\" width=\"640\" height=\"428\" src=\"http:\/\/amiable-test.ch\/wp-content\/uploads\/2022\/11\/Calculateur-de-pension-en-ligne_illustration-640x428.png\" class=\"attachment-medium size-medium\" alt=\"http:\/\/amiable-test.ch\/wp-content\/uploads\/2022\/11\/Calculateur-de-pension-en-ligne_illustration-640x428.png\" data-full_image_src=\"http:\/\/amiable-test.ch\/wp-content\/uploads\/2022\/11\/Calculateur-de-pension-en-ligne_illustration.png\" title=\"Calculateur de pension en ligne_illustration\" srcset=\"http:\/\/amiable-test.ch\/wp-content\/uploads\/2022\/11\/Calculateur-de-pension-en-ligne_illustration-640x428.png 640w, http:\/\/amiable-test.ch\/wp-content\/uploads\/2022\/11\/Calculateur-de-pension-en-ligne_illustration-1280x855.png 1280w, http:\/\/amiable-test.ch\/wp-content\/uploads\/2022\/11\/Calculateur-de-pension-en-ligne_illustration-768x513.png 768w, http:\/\/amiable-test.ch\/wp-content\/uploads\/2022\/11\/Calculateur-de-pension-en-ligne_illustration-1536x1026.png 1536w, http:\/\/amiable-test.ch\/wp-content\/uploads\/2022\/11\/Calculateur-de-pension-en-ligne_illustration-320x215.png 320w, http:\/\/amiable-test.ch\/wp-content\/uploads\/2022\/11\/Calculateur-de-pension-en-ligne_illustration-960x640.png 960w, http:\/\/amiable-test.ch\/wp-content\/uploads\/2022\/11\/Calculateur-de-pension-en-ligne_illustration-480x320.png 480w, http:\/\/amiable-test.ch\/wp-content\/uploads\/2022\/11\/Calculateur-de-pension-en-ligne_illustration-240x160.png 240w, http:\/\/amiable-test.ch\/wp-content\/uploads\/2022\/11\/Calculateur-de-pension-en-ligne_illustration-1320x882.png 1320w, http:\/\/amiable-test.ch\/wp-content\/uploads\/2022\/11\/Calculateur-de-pension-en-ligne_illustration.png 1615w\" sizes=\"(max-width: 640px) 100vw, 640px\" \/><\/span><\/div><\/div><\/div><\/div><\/div><\/div><\/div><!-- cell_inner --><\/div><!-- cell --><\/div><!-- port --><\/section>","protected":false},"excerpt":{"rendered":"","protected":false},"author":20,"featured_media":0,"parent":0,"menu_order":0,"comment_status":"closed","ping_status":"closed","template":"","meta":{"footnotes":"","_locale":"de_DE","_original_post":"http:\/\/amiable-test.ch\/?page_id=6517"},"acf":[],"yoast_head":"<!-- This site is optimized with the Yoast SEO plugin v21.8 - https:\/\/yoast.com\/wordpress\/plugins\/seo\/ -->\n<title>Unterhaltsrechner verwenden - amiable.ch<\/title>\n<meta name=\"robots\" content=\"noindex, follow, max-snippet:-1, max-image-preview:large, max-video-preview:-1\" \/>\n<meta property=\"og:locale\" content=\"de_DE\" \/>\n<meta property=\"og:type\" content=\"article\" \/>\n<meta property=\"og:title\" content=\"Unterhaltsrechner verwenden - amiable.ch\" \/>\n<meta property=\"og:url\" content=\"http:\/\/amiable-test.ch\/de\/calculator-maintenance\/\" \/>\n<meta property=\"og:site_name\" content=\"amiable.ch\" \/>\n<meta property=\"article:publisher\" content=\"https:\/\/www.facebook.com\/amiable.ch\" \/>\n<meta property=\"article:modified_time\" content=\"2022-12-01T05:55:10+00:00\" \/>\n<meta name=\"twitter:card\" content=\"summary_large_image\" \/>\n<meta name=\"twitter:label1\" content=\"Gesch\u00e4tzte Lesezeit\" \/>\n\t<meta name=\"twitter:data1\" content=\"2\u00a0Minuten\" \/>\n<script type=\"application\/ld+json\" class=\"yoast-schema-graph\">{\"@context\":\"https:\/\/schema.org\",\"@graph\":[{\"@type\":\"WebPage\",\"@id\":\"http:\/\/amiable-test.ch\/de\/calculator-maintenance\/\",\"url\":\"http:\/\/amiable-test.ch\/de\/calculator-maintenance\/\",\"name\":\"Unterhaltsrechner verwenden - amiable.ch\",\"isPartOf\":{\"@id\":\"http:\/\/amiable-test.ch\/#website\"},\"datePublished\":\"2022-11-30T10:52:51+00:00\",\"dateModified\":\"2022-12-01T05:55:10+00:00\",\"breadcrumb\":{\"@id\":\"http:\/\/amiable-test.ch\/de\/calculator-maintenance\/#breadcrumb\"},\"inLanguage\":\"de\",\"potentialAction\":[{\"@type\":\"ReadAction\",\"target\":[\"http:\/\/amiable-test.ch\/de\/calculator-maintenance\/\"]}]},{\"@type\":\"BreadcrumbList\",\"@id\":\"http:\/\/amiable-test.ch\/de\/calculator-maintenance\/#breadcrumb\",\"itemListElement\":[{\"@type\":\"ListItem\",\"position\":1,\"name\":\"Home\",\"item\":\"http:\/\/amiable-test.ch\/de\/\"},{\"@type\":\"ListItem\",\"position\":2,\"name\":\"Unterhaltsrechner verwenden\"}]},{\"@type\":\"WebSite\",\"@id\":\"http:\/\/amiable-test.ch\/#website\",\"url\":\"http:\/\/amiable-test.ch\/\",\"name\":\"amiable.ch\",\"description\":\"\",\"potentialAction\":[{\"@type\":\"SearchAction\",\"target\":{\"@type\":\"EntryPoint\",\"urlTemplate\":\"http:\/\/amiable-test.ch\/?s={search_term_string}\"},\"query-input\":\"required name=search_term_string\"}],\"inLanguage\":\"de\"}]}<\/script>\n<!-- \/ Yoast SEO plugin. -->","yoast_head_json":{"title":"Unterhaltsrechner verwenden - amiable.ch","robots":{"index":"noindex","follow":"follow","max-snippet":"max-snippet:-1","max-image-preview":"max-image-preview:large","max-video-preview":"max-video-preview:-1"},"og_locale":"de_DE","og_type":"article","og_title":"Unterhaltsrechner verwenden - amiable.ch","og_url":"http:\/\/amiable-test.ch\/de\/calculator-maintenance\/","og_site_name":"amiable.ch","article_publisher":"https:\/\/www.facebook.com\/amiable.ch","article_modified_time":"2022-12-01T05:55:10+00:00","twitter_card":"summary_large_image","twitter_misc":{"Gesch\u00e4tzte Lesezeit":"2\u00a0Minuten"},"schema":{"@context":"https:\/\/schema.org","@graph":[{"@type":"WebPage","@id":"http:\/\/amiable-test.ch\/de\/calculator-maintenance\/","url":"http:\/\/amiable-test.ch\/de\/calculator-maintenance\/","name":"Unterhaltsrechner verwenden - amiable.ch","isPartOf":{"@id":"http:\/\/amiable-test.ch\/#website"},"datePublished":"2022-11-30T10:52:51+00:00","dateModified":"2022-12-01T05:55:10+00:00","breadcrumb":{"@id":"http:\/\/amiable-test.ch\/de\/calculator-maintenance\/#breadcrumb"},"inLanguage":"de","potentialAction":[{"@type":"ReadAction","target":["http:\/\/amiable-test.ch\/de\/calculator-maintenance\/"]}]},{"@type":"BreadcrumbList","@id":"http:\/\/amiable-test.ch\/de\/calculator-maintenance\/#breadcrumb","itemListElement":[{"@type":"ListItem","position":1,"name":"Home","item":"http:\/\/amiable-test.ch\/de\/"},{"@type":"ListItem","position":2,"name":"Unterhaltsrechner verwenden"}]},{"@type":"WebSite","@id":"http:\/\/amiable-test.ch\/#website","url":"http:\/\/amiable-test.ch\/","name":"amiable.ch","description":"","potentialAction":[{"@type":"SearchAction","target":{"@type":"EntryPoint","urlTemplate":"http:\/\/amiable-test.ch\/?s={search_term_string}"},"query-input":"required name=search_term_string"}],"inLanguage":"de"}]}},"_links":{"self":[{"href":"http:\/\/amiable-test.ch\/wp-json\/wp\/v2\/pages\/6530"}],"collection":[{"href":"http:\/\/amiable-test.ch\/wp-json\/wp\/v2\/pages"}],"about":[{"href":"http:\/\/amiable-test.ch\/wp-json\/wp\/v2\/types\/page"}],"author":[{"embeddable":true,"href":"http:\/\/amiable-test.ch\/wp-json\/wp\/v2\/users\/20"}],"replies":[{"embeddable":true,"href":"http:\/\/amiable-test.ch\/wp-json\/wp\/v2\/comments?post=6530"}],"version-history":[{"count":5,"href":"http:\/\/amiable-test.ch\/wp-json\/wp\/v2\/pages\/6530\/revisions"}],"predecessor-version":[{"id":6538,"href":"http:\/\/amiable-test.ch\/wp-json\/wp\/v2\/pages\/6530\/revisions\/6538"}],"wp:attachment":[{"href":"http:\/\/amiable-test.ch\/wp-json\/wp\/v2\/media?parent=6530"}],"curies":[{"name":"wp","href":"https:\/\/api.w.org\/{rel}","templated":true}]}}