{"id":4645,"date":"2021-08-02T05:45:51","date_gmt":"2021-08-02T05:45:51","guid":{"rendered":"http:\/\/amiable-test.ch\/?page_id=4645"},"modified":"2023-09-05T12:33:06","modified_gmt":"2023-09-05T12:33:06","slug":"geschaftsbedingungen","status":"publish","type":"page","link":"http:\/\/amiable-test.ch\/de\/geschaftsbedingungen\/","title":{"rendered":"Gesch\u00e4ftsbedingungen"},"content":{"rendered":"<section id=\"bt_bb_section69f1f7f04d69f\" class=\"bt_bb_section bt_bb_color_scheme_10 bt_bb_layout_boxed_1200 bt_bb_vertical_align_top bt_bb_top_spacing_large bt_bb_bottom_spacing_large approach-bg\" style=\"background-position: center -100px !important;; --section-primary-color:#ffffff; --section-secondary-color:#00146e;;background-color:#0f1625;\" data-bt-override-class=\"null\"><div class=\"bt_bb_port\"><div class=\"bt_bb_cell\"><div class=\"bt_bb_cell_inner\"><div class=\"bt_bb_row_wrapper\"><div  class=\"bt_bb_row\"  data-bt-override-class=\"{}\"><div  class=\"bt_bb_column col-xl-2 bt_bb_align_left bt_bb_padding_normal\"  data-width=\"2\" data-bt-override-class=\"{}\"><div class=\"bt_bb_column_content bt_bb_vertical_align_top bt_bb_color_scheme_\"><div class=\"bt_bb_column_content_inner\"><\/div><\/div><\/div><div  class=\"bt_bb_column col-xl-8 bt_bb_align_center bt_bb_padding_normal bt_bb_animation_fade_in animate\"  data-width=\"8\" data-bt-override-class=\"{}\"><div class=\"bt_bb_column_content bt_bb_vertical_align_bottom bt_bb_color_scheme_\"><div class=\"bt_bb_column_content_inner\"><div class=\"bt_bb_separator bt_bb_border_style_none bt_bb_bottom_spacing_medium bt_bb_hidden_xs bt_bb_hidden_ms bt_bb_hidden_sm\" data-bt-override-class=\"null\"><\/div><header class=\"bt_bb_headline bt_bb_color_scheme_6 bt_bb_dash_none bt_bb_size_extralarge bt_bb_align_inherit\" style=\"text-shadow: 1px 1px 5px rgba(0,0,0,0.5); --primary-color:#ffffff; --secondary-color:#0530f1;\" data-bt-override-class=\"{}\"><h2 class=\"bt_bb_headline_tag\"><span class=\"bt_bb_headline_content\"><span>Allgemeine Gesch\u00e4ftsbedingungen<\/span><\/span><\/h2><\/header><div class=\"bt_bb_separator bt_bb_border_style_none bt_bb_bottom_spacing_large bt_bb_hidden_xs bt_bb_hidden_ms bt_bb_hidden_sm\" data-bt-override-class=\"null\"><\/div><\/div><\/div><\/div><div  class=\"bt_bb_column col-xl-2 bt_bb_align_left bt_bb_padding_normal bt_bb_animation_fade_in bt_bb_animation_move_left animate\"  data-width=\"2\" data-bt-override-class=\"{}\"><div class=\"bt_bb_column_content bt_bb_vertical_align_middle bt_bb_color_scheme_\"><div class=\"bt_bb_column_content_inner\"><\/div><\/div><\/div><\/div><\/div><\/div><!-- cell_inner --><\/div><!-- cell --><\/div><!-- port --><\/section><section id=\"bt_bb_section69f1f7f04dbb2\" class=\"bt_bb_section bt_bb_layout_boxed_1200 bt_bb_vertical_align_top bt_bb_top_spacing_large bt_bb_bottom_spacing_large approach-bg\" style=\"background-position: center -100px !important;\" data-bt-override-class=\"null\"><div class=\"bt_bb_port\"><div class=\"bt_bb_cell\"><div class=\"bt_bb_cell_inner\"><div class=\"bt_bb_row_wrapper\"><div  class=\"bt_bb_row\"  data-bt-override-class=\"{}\"><div  class=\"bt_bb_column col-xl-2 bt_bb_align_left bt_bb_padding_normal\"  data-width=\"2\" data-bt-override-class=\"{}\"><div class=\"bt_bb_column_content bt_bb_vertical_align_top bt_bb_color_scheme_\"><div class=\"bt_bb_column_content_inner\"><\/div><\/div><\/div><div  class=\"bt_bb_column col-xl-8 bt_bb_align_left bt_bb_padding_normal bt_bb_animation_fade_in animate\"  data-width=\"8\" data-bt-override-class=\"{}\"><div class=\"bt_bb_column_content bt_bb_vertical_align_bottom bt_bb_color_scheme_\"><div class=\"bt_bb_column_content_inner\"><div  class=\"bt_bb_text\" ><p style=\"text-align: left;\">Die vorliegenden allgemeinen Gesch\u00e4ftsbedingungen gelten f\u00fcr die Nutzung von einvernehmliche-scheidung.ch.<\/p>\n<\/div><header class=\"bt_bb_headline bt_bb_color_scheme_4 bt_bb_dash_none bt_bb_size_small bt_bb_align_left\" style=\"margin: 24px 0 16px; --primary-color:#0530f1; --secondary-color:#ffffff;\" data-bt-override-class=\"{}\"><h2 class=\"bt_bb_headline_tag\"><span class=\"bt_bb_headline_content\"><span>Rechtliche und berufsethische Kriterien<\/span><\/span><\/h2><\/header><div  class=\"bt_bb_text\" ><p>einvernehmliche-scheidung.ch garantiert die Konformit\u00e4t seiner Dienstleistungen mit den gesetzlichen Bestimmungen sowie mit den berufsethischen Bestimmungen des Schweizerischen Dachverband Mediation (SDM).<\/p>\n<p>Beschwerden \u00fcber unsere Mediationsleistungen k\u00f6nnen an die Ombudsstelle des Schweizerischen Dachverband Mediation (SDM) herangetragen werden.<\/p>\n<\/div><header class=\"bt_bb_headline bt_bb_color_scheme_4 bt_bb_dash_none bt_bb_size_small bt_bb_align_inherit\" style=\"margin: 24px 0 16px; --primary-color:#0530f1; --secondary-color:#ffffff;\" data-bt-override-class=\"{}\"><h2 class=\"bt_bb_headline_tag\"><span class=\"bt_bb_headline_content\"><span>Verantwortung und Garantie<\/span><\/span><\/h2><\/header><div  class=\"bt_bb_text\" ><p>einvernehmliche-scheidung.ch lehnt jegliche Verantwortung im Falle von Sch\u00e4den ab, die mit den angebotenen Diensten zusammenh\u00e4ngen. Insbesondere im Zusammenhang mit nicht zur Kenntnis gebrachten Tatsachen, im Falle von zus\u00e4tzlichen rechtlichen Verfahren oder Kosten nach dem Zustandekommen einer Vereinbarung mit einvernehmliche-scheidung.ch bei Nichteinhaltung der Vereinbarungen durch eine Partei, usw.<\/p>\n<p>einvernehmliche-scheidung.ch bietet seinen Kunden modernste Expertise im Bereich Konfliktpr\u00e4vention und -bew\u00e4ltigung. Allerdings kann weder die L\u00f6sung von Konflikten, noch der Abschluss einer Vereinbarung, noch das einvernehmliche Scheidungs- oder Trennungsurteil von einvernehmliche-scheidung.ch garantiert werden.<\/p>\n<p>einvernehmliche-scheidung.ch lehnt jede Verantwortung f\u00fcr den Inhalt und die Vollst\u00e4ndigkeit der auf einvernehmliche-scheidung.ch ver\u00f6ffentlichten Informationen ab.<\/p>\n<p>einvernehmliche-scheidung.ch lehnt jede Verantwortung bez\u00fcglich verlinkter Websiten Dritter ab.<\/p>\n<\/div><header class=\"bt_bb_headline bt_bb_color_scheme_4 bt_bb_dash_none bt_bb_size_small bt_bb_align_inherit\" style=\"margin: 24px 0 16px; --primary-color:#0530f1; --secondary-color:#ffffff;\" data-bt-override-class=\"{}\"><h2 class=\"bt_bb_headline_tag\"><span class=\"bt_bb_headline_content\"><span>Preise und Zahlungsprozess<\/span><\/span><\/h2><\/header><div  class=\"bt_bb_text\" ><p>einvernehmliche-scheidung.ch bietet eine Grundleistung f\u00fcr die Ausarbeitung einer Trennungs- oder Scheidungsvereinbarung an. Diese beinhaltet 20 Minuten Beratung oder Mediation pro Person oder maximal 40 Minuten pro Dossier. Alle zus\u00e4tzlichen Aufw\u00e4nde, z. B. zur Informationsbeschaffung, Abkl\u00e4rungen, usw., im Zusammenhang mit dem Fall werden von diesen 40 Minuten abgezogen.<\/p>\n<p>Die Zahlung ist bei der endg\u00fcltigen Eingabe der Datei am Ende des Formulars f\u00e4llig. Zus\u00e4tzliche Leistungen, wie z.B. Rechtsberatung oder Mediation, die \u00fcber die Grundleistung hinausgehen, sind zus\u00e4tzlich f\u00e4llig und werden gesondert verrechnet.<\/p>\n<p>Die auf einvernehmliche-scheidung.ch angegebenen Preise verstehen sich exklusive Mehrwertsteuer.<\/p>\n<\/div><header class=\"bt_bb_headline bt_bb_subheadline_text_transform_default bt_bb_dash_none bt_bb_size_inherit bt_bb_align_inherit\" data-bt-override-class=\"{&quot;bt_bb_align_&quot;:{&quot;current_class&quot;:&quot;bt_bb_align_inherit&quot;,&quot;xxl&quot;:&quot;inherit&quot;,&quot;xl&quot;:&quot;inherit&quot;}}\"><h1 class=\"bt_bb_headline_tag\"><span class=\"bt_bb_headline_content\"><span>Sammlung und Verwendung von pers\u00f6nlichen Daten<\/span><\/span><\/h1><\/header><div  class=\"bt_bb_text\" ><p>Wenn Sie sich auf einvernehmliche-scheidung.ch registrieren oder unsere Dienstleistungen nutzen, stimmen Sie ausdr\u00fccklich zu, dass wir Ihre pers\u00f6nlichen Daten, einschliesslich sensibler Daten, gem\u00e4ss den geltenden Schweizer Vorschriften erfassen, speichern und verarbeiten. Diese Daten werden ausschliesslich zu dem Zweck erhoben, unsere Mediations- und juristischen Dienstleistungen bereitzustellen und st\u00e4ndig deren Qualit\u00e4t zu verbessern. Wir behalten uns auch das Recht vor, Sie telefonisch, per Email oder \u00fcber unseren Newsletter zu kontaktieren, um Sie \u00fcber unsere Dienstleistungen oder andere relevante Informationen zu informieren. Indem Sie diese Allgemeinen Gesch\u00e4ftsbedingungen akzeptieren, geben Sie Ihre Zustimmung zur Verwendung Ihrer Daten f\u00fcr diese spezifischen Zwecke. Wir verpflichten uns, die Vertraulichkeit Ihrer Informationen zu gew\u00e4hrleisten und sie niemals ohne Ihre ausdr\u00fcckliche Zustimmung an Dritte weiterzugeben.<\/p>\n<\/div><header class=\"bt_bb_headline bt_bb_color_scheme_4 bt_bb_dash_none bt_bb_size_small bt_bb_align_inherit\" style=\"margin: 24px 0 16px; --primary-color:#0530f1; --secondary-color:#ffffff;\" data-bt-override-class=\"{}\"><h2 class=\"bt_bb_headline_tag\"><span class=\"bt_bb_headline_content\"><span>\u00c4nderungen der Bedingungen<\/span><\/span><\/h2><\/header><div  class=\"bt_bb_text\" ><div>einvernehmliche-scheidung.ch beh\u00e4lt sich das Recht vor, die vorliegenden allgemeinen Gesch\u00e4ftsbedingungen jederzeit zu \u00e4ndern.<\/div>\n<\/div><header class=\"bt_bb_headline bt_bb_color_scheme_4 bt_bb_dash_none bt_bb_size_small bt_bb_align_inherit\" style=\"margin: 24px 0 16px; --primary-color:#0530f1; --secondary-color:#ffffff;\" data-bt-override-class=\"{}\"><h2 class=\"bt_bb_headline_tag\"><span class=\"bt_bb_headline_content\"><span>Anwendbares Recht und Gerichtsstand<\/span><\/span><\/h2><\/header><div  class=\"bt_bb_text\" ><p>Es gilt Schweizer Recht. Der Gerichtsstand ist Morges.<\/p>\n<\/div><\/div><\/div><\/div><div  class=\"bt_bb_column col-xl-2 bt_bb_align_left bt_bb_padding_normal bt_bb_animation_fade_in bt_bb_animation_move_left animate\"  data-width=\"2\" data-bt-override-class=\"{}\"><div class=\"bt_bb_column_content bt_bb_vertical_align_middle bt_bb_color_scheme_\"><div class=\"bt_bb_column_content_inner\"><\/div><\/div><\/div><\/div><\/div><\/div><!-- cell_inner --><\/div><!-- cell --><\/div><!-- port --><\/section>","protected":false},"excerpt":{"rendered":"","protected":false},"author":20,"featured_media":0,"parent":0,"menu_order":0,"comment_status":"closed","ping_status":"closed","template":"","meta":{"footnotes":"","_locale":"de_DE","_original_post":"http:\/\/demo.wpmonsters.org\/separate\/?page_id=4286"},"acf":[],"yoast_head":"<!-- This site is optimized with the Yoast SEO plugin v21.8 - https:\/\/yoast.com\/wordpress\/plugins\/seo\/ -->\n<title>Gesch\u00e4ftsbedingungen - amiable.ch<\/title>\n<meta name=\"robots\" content=\"noindex, follow, max-snippet:-1, max-image-preview:large, max-video-preview:-1\" \/>\n<meta property=\"og:locale\" content=\"de_DE\" \/>\n<meta property=\"og:type\" content=\"article\" \/>\n<meta property=\"og:title\" content=\"Gesch\u00e4ftsbedingungen - amiable.ch\" \/>\n<meta property=\"og:url\" content=\"http:\/\/amiable-test.ch\/de\/geschaftsbedingungen\/\" \/>\n<meta property=\"og:site_name\" content=\"amiable.ch\" \/>\n<meta property=\"article:publisher\" content=\"https:\/\/www.facebook.com\/amiable.ch\" \/>\n<meta property=\"article:modified_time\" content=\"2023-09-05T12:33:06+00:00\" \/>\n<meta name=\"twitter:card\" content=\"summary_large_image\" \/>\n<meta name=\"twitter:label1\" content=\"Gesch\u00e4tzte Lesezeit\" \/>\n\t<meta name=\"twitter:data1\" content=\"4\u00a0Minuten\" \/>\n<script type=\"application\/ld+json\" class=\"yoast-schema-graph\">{\"@context\":\"https:\/\/schema.org\",\"@graph\":[{\"@type\":\"WebPage\",\"@id\":\"http:\/\/amiable-test.ch\/de\/geschaftsbedingungen\/\",\"url\":\"http:\/\/amiable-test.ch\/de\/geschaftsbedingungen\/\",\"name\":\"Gesch\u00e4ftsbedingungen - amiable.ch\",\"isPartOf\":{\"@id\":\"http:\/\/amiable-test.ch\/#website\"},\"datePublished\":\"2021-08-02T05:45:51+00:00\",\"dateModified\":\"2023-09-05T12:33:06+00:00\",\"breadcrumb\":{\"@id\":\"http:\/\/amiable-test.ch\/de\/geschaftsbedingungen\/#breadcrumb\"},\"inLanguage\":\"de\",\"potentialAction\":[{\"@type\":\"ReadAction\",\"target\":[\"http:\/\/amiable-test.ch\/de\/geschaftsbedingungen\/\"]}]},{\"@type\":\"BreadcrumbList\",\"@id\":\"http:\/\/amiable-test.ch\/de\/geschaftsbedingungen\/#breadcrumb\",\"itemListElement\":[{\"@type\":\"ListItem\",\"position\":1,\"name\":\"Home\",\"item\":\"http:\/\/amiable-test.ch\/de\/\"},{\"@type\":\"ListItem\",\"position\":2,\"name\":\"Gesch\u00e4ftsbedingungen\"}]},{\"@type\":\"WebSite\",\"@id\":\"http:\/\/amiable-test.ch\/#website\",\"url\":\"http:\/\/amiable-test.ch\/\",\"name\":\"amiable.ch\",\"description\":\"\",\"potentialAction\":[{\"@type\":\"SearchAction\",\"target\":{\"@type\":\"EntryPoint\",\"urlTemplate\":\"http:\/\/amiable-test.ch\/?s={search_term_string}\"},\"query-input\":\"required name=search_term_string\"}],\"inLanguage\":\"de\"}]}<\/script>\n<!-- \/ Yoast SEO plugin. -->","yoast_head_json":{"title":"Gesch\u00e4ftsbedingungen - amiable.ch","robots":{"index":"noindex","follow":"follow","max-snippet":"max-snippet:-1","max-image-preview":"max-image-preview:large","max-video-preview":"max-video-preview:-1"},"og_locale":"de_DE","og_type":"article","og_title":"Gesch\u00e4ftsbedingungen - amiable.ch","og_url":"http:\/\/amiable-test.ch\/de\/geschaftsbedingungen\/","og_site_name":"amiable.ch","article_publisher":"https:\/\/www.facebook.com\/amiable.ch","article_modified_time":"2023-09-05T12:33:06+00:00","twitter_card":"summary_large_image","twitter_misc":{"Gesch\u00e4tzte Lesezeit":"4\u00a0Minuten"},"schema":{"@context":"https:\/\/schema.org","@graph":[{"@type":"WebPage","@id":"http:\/\/amiable-test.ch\/de\/geschaftsbedingungen\/","url":"http:\/\/amiable-test.ch\/de\/geschaftsbedingungen\/","name":"Gesch\u00e4ftsbedingungen - amiable.ch","isPartOf":{"@id":"http:\/\/amiable-test.ch\/#website"},"datePublished":"2021-08-02T05:45:51+00:00","dateModified":"2023-09-05T12:33:06+00:00","breadcrumb":{"@id":"http:\/\/amiable-test.ch\/de\/geschaftsbedingungen\/#breadcrumb"},"inLanguage":"de","potentialAction":[{"@type":"ReadAction","target":["http:\/\/amiable-test.ch\/de\/geschaftsbedingungen\/"]}]},{"@type":"BreadcrumbList","@id":"http:\/\/amiable-test.ch\/de\/geschaftsbedingungen\/#breadcrumb","itemListElement":[{"@type":"ListItem","position":1,"name":"Home","item":"http:\/\/amiable-test.ch\/de\/"},{"@type":"ListItem","position":2,"name":"Gesch\u00e4ftsbedingungen"}]},{"@type":"WebSite","@id":"http:\/\/amiable-test.ch\/#website","url":"http:\/\/amiable-test.ch\/","name":"amiable.ch","description":"","potentialAction":[{"@type":"SearchAction","target":{"@type":"EntryPoint","urlTemplate":"http:\/\/amiable-test.ch\/?s={search_term_string}"},"query-input":"required name=search_term_string"}],"inLanguage":"de"}]}},"_links":{"self":[{"href":"http:\/\/amiable-test.ch\/wp-json\/wp\/v2\/pages\/4645"}],"collection":[{"href":"http:\/\/amiable-test.ch\/wp-json\/wp\/v2\/pages"}],"about":[{"href":"http:\/\/amiable-test.ch\/wp-json\/wp\/v2\/types\/page"}],"author":[{"embeddable":true,"href":"http:\/\/amiable-test.ch\/wp-json\/wp\/v2\/users\/20"}],"replies":[{"embeddable":true,"href":"http:\/\/amiable-test.ch\/wp-json\/wp\/v2\/comments?post=4645"}],"version-history":[{"count":9,"href":"http:\/\/amiable-test.ch\/wp-json\/wp\/v2\/pages\/4645\/revisions"}],"predecessor-version":[{"id":6884,"href":"http:\/\/amiable-test.ch\/wp-json\/wp\/v2\/pages\/4645\/revisions\/6884"}],"wp:attachment":[{"href":"http:\/\/amiable-test.ch\/wp-json\/wp\/v2\/media?parent=4645"}],"curies":[{"name":"wp","href":"https:\/\/api.w.org\/{rel}","templated":true}]}}